{"id":139,"date":"2020-07-19T08:29:51","date_gmt":"2020-07-19T08:29:51","guid":{"rendered":"http:\/\/tattooartworks.de\/?page_id=139"},"modified":"2021-03-14T16:36:42","modified_gmt":"2021-03-14T16:36:42","slug":"studio","status":"publish","type":"page","link":"https:\/\/tattooartworks.de\/?page_id=139","title":{"rendered":"Studio"},"content":{"rendered":"\n<div class=\"wp-block-group\"><div class=\"wp-block-group__inner-container is-layout-flow wp-block-group-is-layout-flow\">\n<figure class=\"wp-block-image size-large\"><img loading=\"lazy\" decoding=\"async\" width=\"1024\" height=\"768\" src=\"http:\/\/tattooartworks.de\/wp-content\/uploads\/2021\/03\/20210306_140618-1024x768.jpg\" alt=\"\" class=\"wp-image-526\" srcset=\"https:\/\/tattooartworks.de\/wp-content\/uploads\/2021\/03\/20210306_140618-1024x768.jpg 1024w, https:\/\/tattooartworks.de\/wp-content\/uploads\/2021\/03\/20210306_140618-300x225.jpg 300w, https:\/\/tattooartworks.de\/wp-content\/uploads\/2021\/03\/20210306_140618-768x576.jpg 768w, https:\/\/tattooartworks.de\/wp-content\/uploads\/2021\/03\/20210306_140618-1536x1152.jpg 1536w, https:\/\/tattooartworks.de\/wp-content\/uploads\/2021\/03\/20210306_140618-2048x1536.jpg 2048w, https:\/\/tattooartworks.de\/wp-content\/uploads\/2021\/03\/20210306_140618-830x623.jpg 830w, https:\/\/tattooartworks.de\/wp-content\/uploads\/2021\/03\/20210306_140618-230x173.jpg 230w, https:\/\/tattooartworks.de\/wp-content\/uploads\/2021\/03\/20210306_140618-350x263.jpg 350w, https:\/\/tattooartworks.de\/wp-content\/uploads\/2021\/03\/20210306_140618-480x360.jpg 480w\" sizes=\"(max-width: 1024px) 100vw, 1024px\" \/><\/figure>\n\n\n\n<p>Keine Lust auf Massenabfertigung? Du willst etwas individuelles und das in besonderer Atmosph\u00e4re? Einen gezielt k\u00fcnstlerischen Stil, den nicht dr\u00f6lf andere Tattoo-Studios anbieten? Dann bist du hier genau richtig!<\/p>\n\n\n\n<p>Ohne Zeitdruck und fernab der Hektik des Alltags entsteht deine Kunst auf Haut.<\/p>\n\n\n\n<figure class=\"wp-block-gallery aligncenter columns-3 is-cropped wp-block-gallery-1 is-layout-flex wp-block-gallery-is-layout-flex\"><ul class=\"blocks-gallery-grid\"><li class=\"blocks-gallery-item\"><figure><img loading=\"lazy\" decoding=\"async\" width=\"1024\" height=\"1024\" src=\"http:\/\/tattooartworks.de\/wp-content\/uploads\/2021\/03\/20210314_143102-1024x1024.jpg\" alt=\"\" data-id=\"537\" data-full-url=\"http:\/\/tattooartworks.de\/wp-content\/uploads\/2021\/03\/20210314_143102.jpg\" data-link=\"http:\/\/tattooartworks.de\/?attachment_id=537\" class=\"wp-image-537\" srcset=\"https:\/\/tattooartworks.de\/wp-content\/uploads\/2021\/03\/20210314_143102-1024x1024.jpg 1024w, https:\/\/tattooartworks.de\/wp-content\/uploads\/2021\/03\/20210314_143102-300x300.jpg 300w, https:\/\/tattooartworks.de\/wp-content\/uploads\/2021\/03\/20210314_143102-150x150.jpg 150w, https:\/\/tattooartworks.de\/wp-content\/uploads\/2021\/03\/20210314_143102-768x768.jpg 768w, https:\/\/tattooartworks.de\/wp-content\/uploads\/2021\/03\/20210314_143102-1536x1536.jpg 1536w, https:\/\/tattooartworks.de\/wp-content\/uploads\/2021\/03\/20210314_143102-2048x2048.jpg 2048w, https:\/\/tattooartworks.de\/wp-content\/uploads\/2021\/03\/20210314_143102-830x830.jpg 830w, https:\/\/tattooartworks.de\/wp-content\/uploads\/2021\/03\/20210314_143102-230x230.jpg 230w, https:\/\/tattooartworks.de\/wp-content\/uploads\/2021\/03\/20210314_143102-350x350.jpg 350w, https:\/\/tattooartworks.de\/wp-content\/uploads\/2021\/03\/20210314_143102-480x480.jpg 480w\" sizes=\"(max-width: 1024px) 100vw, 1024px\" \/><\/figure><\/li><li class=\"blocks-gallery-item\"><figure><img loading=\"lazy\" decoding=\"async\" width=\"1024\" height=\"1024\" src=\"http:\/\/tattooartworks.de\/wp-content\/uploads\/2021\/03\/20210314_140318-1024x1024.jpg\" alt=\"\" data-id=\"536\" data-full-url=\"http:\/\/tattooartworks.de\/wp-content\/uploads\/2021\/03\/20210314_140318.jpg\" data-link=\"http:\/\/tattooartworks.de\/?attachment_id=536\" class=\"wp-image-536\" srcset=\"https:\/\/tattooartworks.de\/wp-content\/uploads\/2021\/03\/20210314_140318-1024x1024.jpg 1024w, https:\/\/tattooartworks.de\/wp-content\/uploads\/2021\/03\/20210314_140318-300x300.jpg 300w, https:\/\/tattooartworks.de\/wp-content\/uploads\/2021\/03\/20210314_140318-150x150.jpg 150w, https:\/\/tattooartworks.de\/wp-content\/uploads\/2021\/03\/20210314_140318-768x768.jpg 768w, https:\/\/tattooartworks.de\/wp-content\/uploads\/2021\/03\/20210314_140318-1536x1536.jpg 1536w, https:\/\/tattooartworks.de\/wp-content\/uploads\/2021\/03\/20210314_140318-2048x2048.jpg 2048w, https:\/\/tattooartworks.de\/wp-content\/uploads\/2021\/03\/20210314_140318-830x830.jpg 830w, https:\/\/tattooartworks.de\/wp-content\/uploads\/2021\/03\/20210314_140318-230x230.jpg 230w, https:\/\/tattooartworks.de\/wp-content\/uploads\/2021\/03\/20210314_140318-350x350.jpg 350w, https:\/\/tattooartworks.de\/wp-content\/uploads\/2021\/03\/20210314_140318-480x480.jpg 480w\" sizes=\"(max-width: 1024px) 100vw, 1024px\" \/><\/figure><\/li><li class=\"blocks-gallery-item\"><figure><img loading=\"lazy\" decoding=\"async\" width=\"1024\" height=\"1024\" src=\"http:\/\/tattooartworks.de\/wp-content\/uploads\/2021\/03\/20210314_143521-1024x1024.jpg\" alt=\"\" data-id=\"538\" data-full-url=\"http:\/\/tattooartworks.de\/wp-content\/uploads\/2021\/03\/20210314_143521.jpg\" data-link=\"http:\/\/tattooartworks.de\/?attachment_id=538\" class=\"wp-image-538\" srcset=\"https:\/\/tattooartworks.de\/wp-content\/uploads\/2021\/03\/20210314_143521-1024x1024.jpg 1024w, https:\/\/tattooartworks.de\/wp-content\/uploads\/2021\/03\/20210314_143521-300x300.jpg 300w, https:\/\/tattooartworks.de\/wp-content\/uploads\/2021\/03\/20210314_143521-150x150.jpg 150w, https:\/\/tattooartworks.de\/wp-content\/uploads\/2021\/03\/20210314_143521-768x768.jpg 768w, https:\/\/tattooartworks.de\/wp-content\/uploads\/2021\/03\/20210314_143521-1536x1536.jpg 1536w, https:\/\/tattooartworks.de\/wp-content\/uploads\/2021\/03\/20210314_143521-2048x2048.jpg 2048w, https:\/\/tattooartworks.de\/wp-content\/uploads\/2021\/03\/20210314_143521-830x830.jpg 830w, https:\/\/tattooartworks.de\/wp-content\/uploads\/2021\/03\/20210314_143521-230x230.jpg 230w, https:\/\/tattooartworks.de\/wp-content\/uploads\/2021\/03\/20210314_143521-350x350.jpg 350w, https:\/\/tattooartworks.de\/wp-content\/uploads\/2021\/03\/20210314_143521-480x480.jpg 480w\" sizes=\"(max-width: 1024px) 100vw, 1024px\" \/><\/figure><\/li><\/ul><\/figure>\n\n\n\n<p>Zusammen mit deinen W\u00fcnschen fertige ich einige Tage vor deinem Termin eine handschriftliche Zeichnung, die dann sp\u00e4ter zu deinem ganz pers\u00f6nlichen Tattoo wird.<\/p>\n\n\n\n<p>Unser Studio findet man nicht als Laufkundschaft, denn es befindet sich im K\u00fcnstlerhaus von Hannah DeGroth. Von hieraus begann vor vielen Jahren meine Kunst, erst auf Leinw\u00e4nden und Ausstellungen in Galerien, bis hin \u00fcber B\u00fccher die deutschlandweit auf den Markt gingen. Seit 2018 ist in dem selben kreativen Haus, ein Teil davon zum Studio umgebaut.<\/p>\n\n\n\n<div class=\"wp-block-image\"><figure class=\"aligncenter\"><img loading=\"lazy\" decoding=\"async\" width=\"1024\" height=\"1024\" src=\"http:\/\/tattooartworks.de\/wp-content\/uploads\/2020\/07\/20200718_120411-1024x1024.jpg\" alt=\"\" class=\"wp-image-457\" srcset=\"https:\/\/tattooartworks.de\/wp-content\/uploads\/2020\/07\/20200718_120411-1024x1024.jpg 1024w, https:\/\/tattooartworks.de\/wp-content\/uploads\/2020\/07\/20200718_120411-300x300.jpg 300w, https:\/\/tattooartworks.de\/wp-content\/uploads\/2020\/07\/20200718_120411-150x150.jpg 150w, https:\/\/tattooartworks.de\/wp-content\/uploads\/2020\/07\/20200718_120411-768x768.jpg 768w, https:\/\/tattooartworks.de\/wp-content\/uploads\/2020\/07\/20200718_120411-1536x1536.jpg 1536w, https:\/\/tattooartworks.de\/wp-content\/uploads\/2020\/07\/20200718_120411-2048x2048.jpg 2048w, https:\/\/tattooartworks.de\/wp-content\/uploads\/2020\/07\/20200718_120411-830x830.jpg 830w, https:\/\/tattooartworks.de\/wp-content\/uploads\/2020\/07\/20200718_120411-230x230.jpg 230w, https:\/\/tattooartworks.de\/wp-content\/uploads\/2020\/07\/20200718_120411-350x350.jpg 350w, https:\/\/tattooartworks.de\/wp-content\/uploads\/2020\/07\/20200718_120411-480x480.jpg 480w\" sizes=\"(max-width: 1024px) 100vw, 1024px\" \/><\/figure><\/div>\n\n\n\n<p>In famili\u00e4rer Umgebung besprechen wir hier dein Tattoo, die Umsetzung und Vor-\/Nachsorge. Gerade auch im Bereich Hygiene setzen wir sehr hohe Ma\u00dfst\u00e4be und benutzen zudem im Studio nur Tattoo-Produkte, die ohne Tierleid und vegan erstellt wurden.<\/p>\n\n\n\n<figure class=\"wp-block-gallery columns-3 is-cropped wp-block-gallery-2 is-layout-flex wp-block-gallery-is-layout-flex\"><ul class=\"blocks-gallery-grid\"><li class=\"blocks-gallery-item\"><figure><img loading=\"lazy\" decoding=\"async\" width=\"1024\" height=\"1024\" src=\"http:\/\/tattooartworks.de\/wp-content\/uploads\/2021\/03\/20210314_110018-1024x1024.jpg\" alt=\"\" data-id=\"532\" data-full-url=\"http:\/\/tattooartworks.de\/wp-content\/uploads\/2021\/03\/20210314_110018.jpg\" data-link=\"http:\/\/tattooartworks.de\/?attachment_id=532\" class=\"wp-image-532\" srcset=\"https:\/\/tattooartworks.de\/wp-content\/uploads\/2021\/03\/20210314_110018-1024x1024.jpg 1024w, https:\/\/tattooartworks.de\/wp-content\/uploads\/2021\/03\/20210314_110018-300x300.jpg 300w, https:\/\/tattooartworks.de\/wp-content\/uploads\/2021\/03\/20210314_110018-150x150.jpg 150w, https:\/\/tattooartworks.de\/wp-content\/uploads\/2021\/03\/20210314_110018-768x768.jpg 768w, https:\/\/tattooartworks.de\/wp-content\/uploads\/2021\/03\/20210314_110018-1536x1536.jpg 1536w, https:\/\/tattooartworks.de\/wp-content\/uploads\/2021\/03\/20210314_110018-2048x2048.jpg 2048w, https:\/\/tattooartworks.de\/wp-content\/uploads\/2021\/03\/20210314_110018-830x830.jpg 830w, https:\/\/tattooartworks.de\/wp-content\/uploads\/2021\/03\/20210314_110018-230x230.jpg 230w, https:\/\/tattooartworks.de\/wp-content\/uploads\/2021\/03\/20210314_110018-350x350.jpg 350w, https:\/\/tattooartworks.de\/wp-content\/uploads\/2021\/03\/20210314_110018-480x480.jpg 480w\" sizes=\"(max-width: 1024px) 100vw, 1024px\" \/><\/figure><\/li><li class=\"blocks-gallery-item\"><figure><img loading=\"lazy\" decoding=\"async\" width=\"1024\" height=\"1024\" src=\"http:\/\/tattooartworks.de\/wp-content\/uploads\/2021\/03\/20210314_105138-1024x1024.jpg\" alt=\"\" data-id=\"531\" data-full-url=\"http:\/\/tattooartworks.de\/wp-content\/uploads\/2021\/03\/20210314_105138.jpg\" data-link=\"http:\/\/tattooartworks.de\/?attachment_id=531\" class=\"wp-image-531\" srcset=\"https:\/\/tattooartworks.de\/wp-content\/uploads\/2021\/03\/20210314_105138-1024x1024.jpg 1024w, https:\/\/tattooartworks.de\/wp-content\/uploads\/2021\/03\/20210314_105138-300x300.jpg 300w, https:\/\/tattooartworks.de\/wp-content\/uploads\/2021\/03\/20210314_105138-150x150.jpg 150w, https:\/\/tattooartworks.de\/wp-content\/uploads\/2021\/03\/20210314_105138-768x768.jpg 768w, https:\/\/tattooartworks.de\/wp-content\/uploads\/2021\/03\/20210314_105138-1536x1536.jpg 1536w, https:\/\/tattooartworks.de\/wp-content\/uploads\/2021\/03\/20210314_105138-2048x2048.jpg 2048w, https:\/\/tattooartworks.de\/wp-content\/uploads\/2021\/03\/20210314_105138-830x830.jpg 830w, https:\/\/tattooartworks.de\/wp-content\/uploads\/2021\/03\/20210314_105138-230x230.jpg 230w, https:\/\/tattooartworks.de\/wp-content\/uploads\/2021\/03\/20210314_105138-350x350.jpg 350w, https:\/\/tattooartworks.de\/wp-content\/uploads\/2021\/03\/20210314_105138-480x480.jpg 480w\" sizes=\"(max-width: 1024px) 100vw, 1024px\" \/><\/figure><\/li><li class=\"blocks-gallery-item\"><figure><img loading=\"lazy\" decoding=\"async\" width=\"1024\" height=\"1024\" src=\"http:\/\/tattooartworks.de\/wp-content\/uploads\/2021\/03\/20210314_144003-1024x1024.jpg\" alt=\"\" data-id=\"539\" data-full-url=\"http:\/\/tattooartworks.de\/wp-content\/uploads\/2021\/03\/20210314_144003.jpg\" data-link=\"http:\/\/tattooartworks.de\/?attachment_id=539\" class=\"wp-image-539\" srcset=\"https:\/\/tattooartworks.de\/wp-content\/uploads\/2021\/03\/20210314_144003-1024x1024.jpg 1024w, https:\/\/tattooartworks.de\/wp-content\/uploads\/2021\/03\/20210314_144003-300x300.jpg 300w, https:\/\/tattooartworks.de\/wp-content\/uploads\/2021\/03\/20210314_144003-150x150.jpg 150w, https:\/\/tattooartworks.de\/wp-content\/uploads\/2021\/03\/20210314_144003-768x768.jpg 768w, https:\/\/tattooartworks.de\/wp-content\/uploads\/2021\/03\/20210314_144003-1536x1536.jpg 1536w, https:\/\/tattooartworks.de\/wp-content\/uploads\/2021\/03\/20210314_144003-2048x2048.jpg 2048w, https:\/\/tattooartworks.de\/wp-content\/uploads\/2021\/03\/20210314_144003-830x830.jpg 830w, https:\/\/tattooartworks.de\/wp-content\/uploads\/2021\/03\/20210314_144003-230x230.jpg 230w, https:\/\/tattooartworks.de\/wp-content\/uploads\/2021\/03\/20210314_144003-350x350.jpg 350w, https:\/\/tattooartworks.de\/wp-content\/uploads\/2021\/03\/20210314_144003-480x480.jpg 480w\" sizes=\"(max-width: 1024px) 100vw, 1024px\" \/><\/figure><\/li><\/ul><\/figure>\n\n\n\n<p>Hast du noch Fragen? Schreib mich gerne direkt via WhatsApp 01711452163 an \ud83d\ude09<\/p>\n\n\n\n<p>Hannah DeGroth<\/p>\n<\/div><\/div>\n\n\n\n<p><\/p>\n","protected":false},"excerpt":{"rendered":"<p>Keine Lust auf Massenabfertigung? Du willst etwas individuelles und das in besonderer Atmosph\u00e4re? Einen gezielt k\u00fcnstlerischen Stil, den nicht dr\u00f6lf andere Tattoo-Studios [&hellip;]<\/p>\n","protected":false},"author":1,"featured_media":0,"parent":0,"menu_order":0,"comment_status":"closed","ping_status":"closed","template":"","meta":{"footnotes":""},"class_list":["post-139","page","type-page","status-publish","hentry"],"_links":{"self":[{"href":"https:\/\/tattooartworks.de\/index.php?rest_route=\/wp\/v2\/pages\/139"}],"collection":[{"href":"https:\/\/tattooartworks.de\/index.php?rest_route=\/wp\/v2\/pages"}],"about":[{"href":"https:\/\/tattooartworks.de\/index.php?rest_route=\/wp\/v2\/types\/page"}],"author":[{"embeddable":true,"href":"https:\/\/tattooartworks.de\/index.php?rest_route=\/wp\/v2\/users\/1"}],"replies":[{"embeddable":true,"href":"https:\/\/tattooartworks.de\/index.php?rest_route=%2Fwp%2Fv2%2Fcomments&post=139"}],"version-history":[{"count":10,"href":"https:\/\/tattooartworks.de\/index.php?rest_route=\/wp\/v2\/pages\/139\/revisions"}],"predecessor-version":[{"id":548,"href":"https:\/\/tattooartworks.de\/index.php?rest_route=\/wp\/v2\/pages\/139\/revisions\/548"}],"wp:attachment":[{"href":"https:\/\/tattooartworks.de\/index.php?rest_route=%2Fwp%2Fv2%2Fmedia&parent=139"}],"curies":[{"name":"wp","href":"https:\/\/api.w.org\/{rel}","templated":true}]}}