{"id":128,"date":"2018-10-04T22:06:44","date_gmt":"2018-10-04T22:06:44","guid":{"rendered":"http:\/\/tattooartworks.de\/?page_id=128"},"modified":"2020-07-22T19:47:35","modified_gmt":"2020-07-22T19:47:35","slug":"impressum","status":"publish","type":"page","link":"https:\/\/tattooartworks.de\/?page_id=128","title":{"rendered":"Impressum"},"content":{"rendered":"\n<figure class=\"wp-block-image size-large\"><img loading=\"lazy\" decoding=\"async\" width=\"1024\" height=\"768\" src=\"http:\/\/tattooartworks.de\/wp-content\/uploads\/2019\/07\/photocollage_201975145357816-1024x768.jpg\" alt=\"\" class=\"wp-image-309\" srcset=\"https:\/\/tattooartworks.de\/wp-content\/uploads\/2019\/07\/photocollage_201975145357816-1024x768.jpg 1024w, https:\/\/tattooartworks.de\/wp-content\/uploads\/2019\/07\/photocollage_201975145357816-300x225.jpg 300w, https:\/\/tattooartworks.de\/wp-content\/uploads\/2019\/07\/photocollage_201975145357816-768x576.jpg 768w, https:\/\/tattooartworks.de\/wp-content\/uploads\/2019\/07\/photocollage_201975145357816-830x623.jpg 830w, https:\/\/tattooartworks.de\/wp-content\/uploads\/2019\/07\/photocollage_201975145357816-230x173.jpg 230w, https:\/\/tattooartworks.de\/wp-content\/uploads\/2019\/07\/photocollage_201975145357816-350x263.jpg 350w, https:\/\/tattooartworks.de\/wp-content\/uploads\/2019\/07\/photocollage_201975145357816-480x360.jpg 480w, https:\/\/tattooartworks.de\/wp-content\/uploads\/2019\/07\/photocollage_201975145357816.jpg 1620w\" sizes=\"(max-width: 1024px) 100vw, 1024px\" \/><\/figure>\n\n\n<p align=\"CENTER\">\u00a0<\/p>\n<h3 class=\"western\" align=\"CENTER\"><b>Angaben gem\u00e4\u00df \u00a7 5 TMG<\/b><\/h3>\n<p align=\"CENTER\">Anika Grotheer (K\u00fcnstlername Hannah DeGroth)<\/p>\n<p align=\"CENTER\">Scharnhorststr. 7<\/p>\n<p align=\"CENTER\">26131 Oldenburg<\/p>\n<h3 class=\"western\" align=\"CENTER\"><b>Kontakt<\/b><\/h3>\n<p align=\"CENTER\">Telefon: +49 1711452163<\/p>\n<p align=\"CENTER\">info@hannah-degroth.de<\/p>\n<p align=\"CENTER\">+<\/p>\n<p align=\"CENTER\">\u00a0<\/p>\n<h3 class=\"western\" align=\"CENTER\"><b>Umsatzsteuer-Identifikationsnummer<\/b><\/h3>\n<p align=\"CENTER\">DE81326495002<\/p>\n<h3 class=\"western\" align=\"CENTER\"><b>Angaben zur Berufshaftpflichtversicherung<\/b><\/h3>\n<p align=\"CENTER\">Name und Sitz des Versicherers:<\/p>\n<p align=\"CENTER\">N\u00dcRNBERGER<\/p>\n<p align=\"CENTER\">Ostendstra\u00dfe 100 <br \/>90334 N\u00fcrnberg<\/p>\n<p align=\"CENTER\">\u00a0<\/p>\n<h3 class=\"western\" align=\"CENTER\"><b>Haftung f\u00fcr Inhalte<\/b><\/h3>\n<p align=\"CENTER\">Die Inhalte unserer Seiten wurden mit gr\u00f6\u00dfter Sorgfalt erstellt. Wir sind gem\u00e4\u00df \u00a7 7 Abs.1 TMG fu\u0308r eigene Inhalte auf diesen Seiten nach den allgemeinen Gesetzen verantwortlich. Nach \u00a7\u00a7 8 bis 10 TMG sind wir als Diensteanbieter jedoch nicht verpflichtet, \u00fcbermittelte oder gespeicherte fremde Informationen zu \u00fcberwachen oder nach Umst\u00e4nden zu forschen, die auf eine rechtswidrige T\u00e4tigkeit hinweisen. Verpflichtungen zur Entfernung oder Sperrung der Nutzung von Informationen nach den allgemeinen Gesetzen bleiben hiervon unberu\u0308hrt. Eine diesbezu\u0308gliche Haftung ist jedoch erst ab dem Zeitpunkt der Kenntnis einer konkreten Rechtsverletzung m\u00f6glich. Bei Bekanntwerden von entsprechenden Rechtsverletzungen werden wir diese Inhalte umgehend entfernen.<\/p>\n<h3 class=\"western\" align=\"CENTER\"><b>Haftung f\u00fcr Links<\/b><\/h3>\n<p align=\"CENTER\">Unser Angebot enth\u00e4lt Links zu externen Websites Dritter, auf deren Inhalte wir keinen Einfluss haben. Deshalb k\u00f6nnen wir fu\u0308r diese fremden Inhalte auch keine Gew\u00e4hr u\u0308bernehmen. Fu\u0308r die Inhalte der verlinkten Seiten ist stets der jeweilige Anbieter oder Betreiber der Seiten verantwortlich. Die verlinkten Seiten wurden zum Zeitpunkt der Verlinkung auf m\u00f6gliche Rechtsverst\u00f6\u00dfe u\u0308berpru\u0308ft. Rechtswidrige Inhalte waren zum Zeitpunkt der Verlinkung nicht erkennbar. Eine permanente inhaltliche Kontrolle der verlinkten Seiten ist jedoch ohne konkrete Anhaltspunkte einer Rechtsverletzung nicht zumutbar. Bei Bekanntwerden von Rechtsverletzungen werden wir derartige Links umgehend entfernen.<\/p>\n<h3 class=\"western\" align=\"CENTER\"><b>Urheberrecht<\/b><\/h3>\n<p align=\"CENTER\">Die durch die Seitenbetreiber erstellten Inhalte und Werke auf diesen Seiten unterliegen dem deutschen Urheberrecht. Die Vervielf\u00e4ltigung, Bearbeitung, Verbreitung und jede Art der Verwertung au\u00dferhalb der Grenzen des Urheberrechtes bedu\u0308rfen der schriftlichen Zustimmung des jeweiligen Autors bzw. Erstellers. Downloads und Kopien dieser Seite sind nur fu\u0308r den privaten, nicht kommerziellen Gebrauch gestattet. Soweit die Inhalte auf dieser Seite nicht vom Betreiber erstellt wurden, werden die Urheberrechte Dritter beachtet. Insbesondere werden Inhalte Dritter als solche gekennzeichnet. Sollten Sie trotzdem auf eine Urheberrechtsverletzung aufmerksam werden, bitten wir um einen entsprechenden Hinweis. Bei Bekanntwerden von Rechtsverletzungen werden wir derartige Inhalte umgehend entferne.<\/p>\n<h2 class=\"western\" align=\"CENTER\">Datenschutzerkl\u00e4rung:<\/h2>\n<p align=\"CENTER\"><strong>Datenschutz<\/strong><br \/>Nachfolgend m\u00f6chten wir Sie \u00fcber unsere Datenschutzerkl\u00e4rung informieren. Sie finden hier Informationen \u00fcber die Erhebung und Verwendung pers\u00f6nlicher Daten bei der Nutzung unserer Webseite. Wir beachten dabei das f\u00fcr Deutschland geltende Datenschutzrecht. Sie k\u00f6nnen diese Erkl\u00e4rung jederzeit auf unserer Webseite abrufen.<\/p>\n<p align=\"CENTER\">Wir weisen ausdr\u00fccklich darauf hin, dass die Daten\u00fcbertragung im Internet (z.B. bei der Kommunikation per E-Mail) Sicherheitsl\u00fccken aufweisen und nicht l\u00fcckenlos vor dem Zugriff durch Dritte gesch\u00fctzt werden kann.<\/p>\n<p align=\"CENTER\">Die Verwendung der Kontaktdaten unseres Impressums zur gewerblichen Werbung ist ausdr\u00fccklich nicht erw\u00fcnscht, es sei denn wir hatten zuvor unsere schriftliche Einwilligung erteilt oder es besteht bereits eine Gesch\u00e4ftsbeziehung. Der Anbieter und alle auf dieser Website genannten Personen widersprechen hiermit jeder kommerziellen Verwendung und Weitergabe ihrer Daten.<\/p>\n<p align=\"CENTER\"><strong>Personenbezogene Daten<\/strong><\/p>\n<p align=\"CENTER\">Sie k\u00f6nnen unsere Webseite ohne Angabe personenbezogener Daten besuchen. Soweit auf unseren Seiten personenbezogene Daten (wie Name, Anschrift oder E-Mail Adresse) erhoben werden, erfolgt dies, soweit m\u00f6glich, auf freiwilliger Basis. Diese Daten werden ohne Ihre ausdr\u00fcckliche Zustimmung nicht an Dritte weitergegeben. Sofern zwischen Ihnen und uns ein Vertragsverh\u00e4ltnis begr\u00fcndet, inhaltlich ausgestaltet oder ge\u00e4ndert werden soll oder Sie an uns eine Anfrage stellen, erheben und verwenden wir personenbezogene Daten von Ihnen, soweit dies zu diesen Zwecken erforderlich ist (Bestandsdaten). Wir erheben, verarbeiten und nutzen personenbezogene Daten soweit dies erforderlich ist, um Ihnen die Inanspruchnahme des Webangebots zu erm\u00f6glichen (Nutzungsdaten). S\u00e4mtliche personenbezogenen Daten werden nur solange gespeichert wie dies f\u00fcr den genannten Zweck (Bearbeitung Ihrer Anfrage oder Abwicklung eines Vertrags) erforderlich ist. Hierbei werden steuer- und handelsrechtliche Aufbewahrungsfristen ber\u00fccksichtigt. Auf Anordnung der zust\u00e4ndigen Stellen d\u00fcrfen wir im Einzelfall Auskunft \u00fcber diese Daten (Bestandsdaten) erteilen, soweit dies f\u00fcr Zwecke der Strafverfolgung, zur Gefahrenabwehr, zur Erf\u00fcllung der gesetzlichen Aufgaben der Verfassungsschutzbeh\u00f6rden oder des Milit\u00e4rischen Abschirmdienstes oder zur Durchsetzung der Rechte am geistigen Eigentum erforderlich ist.<\/p>\n<p align=\"CENTER\"><strong>Auskunftsrecht<\/strong><br \/>Sie haben das jederzeitige Recht, sich unentgeltlich und unverz\u00fcglich \u00fcber die zu Ihrer Person erhobenen Daten zu erkundigen. Sie haben das jederzeitige Recht, Ihre Zustimmung zur Verwendung Ihrer angegeben pers\u00f6nlichen Daten mit Wirkung f\u00fcr die Zukunft zu widerrufen. Zur Auskunftserteilung wenden Sie sich bitte an den Anbieter unter den Kontaktdaten im Impressum.<\/p>\n<p align=\"CENTER\">Quelle: <a href=\"http:\/\/www.juraforum.de\/\">www.juraforum.de<\/a><\/p>\n<p align=\"CENTER\">\u00a0<\/p>\n<p align=\"CENTER\">\u00a0<\/p>\n<p align=\"CENTER\">\u00a0<\/p>\n<p align=\"CENTER\">\u00a0<\/p>","protected":false},"excerpt":{"rendered":"<p>\u00a0 Angaben gem\u00e4\u00df \u00a7 5 TMG Anika Grotheer (K\u00fcnstlername Hannah DeGroth) Scharnhorststr. 7 26131 Oldenburg Kontakt Telefon: +49 1711452163 info@hannah-degroth.de + \u00a0 [&hellip;]<\/p>\n","protected":false},"author":1,"featured_media":0,"parent":0,"menu_order":0,"comment_status":"closed","ping_status":"closed","template":"","meta":{"footnotes":""},"class_list":["post-128","page","type-page","status-publish","hentry"],"_links":{"self":[{"href":"https:\/\/tattooartworks.de\/index.php?rest_route=\/wp\/v2\/pages\/128"}],"collection":[{"href":"https:\/\/tattooartworks.de\/index.php?rest_route=\/wp\/v2\/pages"}],"about":[{"href":"https:\/\/tattooartworks.de\/index.php?rest_route=\/wp\/v2\/types\/page"}],"author":[{"embeddable":true,"href":"https:\/\/tattooartworks.de\/index.php?rest_route=\/wp\/v2\/users\/1"}],"replies":[{"embeddable":true,"href":"https:\/\/tattooartworks.de\/index.php?rest_route=%2Fwp%2Fv2%2Fcomments&post=128"}],"version-history":[{"count":7,"href":"https:\/\/tattooartworks.de\/index.php?rest_route=\/wp\/v2\/pages\/128\/revisions"}],"predecessor-version":[{"id":491,"href":"https:\/\/tattooartworks.de\/index.php?rest_route=\/wp\/v2\/pages\/128\/revisions\/491"}],"wp:attachment":[{"href":"https:\/\/tattooartworks.de\/index.php?rest_route=%2Fwp%2Fv2%2Fmedia&parent=128"}],"curies":[{"name":"wp","href":"https:\/\/api.w.org\/{rel}","templated":true}]}}